{"id":128683,"date":"2021-06-07T08:57:10","date_gmt":"2021-06-07T12:57:10","guid":{"rendered":"https:\/\/www.pneusecono-13730204208.futehost.ca\/panier\/"},"modified":"2023-08-02T15:34:32","modified_gmt":"2023-08-02T19:34:32","slug":"cart","status":"publish","type":"page","link":"https:\/\/www.pneusecono.com\/en\/cart\/","title":{"rendered":"Cart"},"content":{"rendered":"\t\t<div data-elementor-type=\"wp-page\" data-elementor-id=\"128683\" class=\"elementor elementor-128683\" data-elementor-post-type=\"page\">\n\t\t\t\t\t\t<section class=\"elementor-section elementor-top-section elementor-element elementor-element-43f73c12 elementor-section-stretched elementor-section-boxed elementor-section-height-default elementor-section-height-default\" data-id=\"43f73c12\" data-element_type=\"section\" data-settings=\"{&quot;stretch_section&quot;:&quot;section-stretched&quot;}\">\n\t\t\t\t\t\t<div class=\"elementor-container elementor-column-gap-default\">\n\t\t\t\t\t<div class=\"elementor-column elementor-col-100 elementor-top-column elementor-element elementor-element-4a630ab\" data-id=\"4a630ab\" data-element_type=\"column\">\n\t\t\t<div class=\"elementor-widget-wrap elementor-element-populated\">\n\t\t\t\t\t\t\t<\/div>\n\t\t<\/div>\n\t\t\t\t\t<\/div>\n\t\t<\/section>\n\t\t\t\t<section class=\"elementor-section elementor-top-section elementor-element elementor-element-23c218c elementor-section-boxed elementor-section-height-default elementor-section-height-default\" data-id=\"23c218c\" data-element_type=\"section\">\n\t\t\t\t\t\t<div class=\"elementor-container elementor-column-gap-default\">\n\t\t\t\t\t<div class=\"elementor-column elementor-col-100 elementor-top-column elementor-element elementor-element-43189c4\" data-id=\"43189c4\" data-element_type=\"column\">\n\t\t\t<div class=\"elementor-widget-wrap elementor-element-populated\">\n\t\t\t\t\t\t<div class=\"elementor-element elementor-element-4b035a5 elementor-widget elementor-widget-html\" data-id=\"4b035a5\" data-element_type=\"widget\" data-widget_type=\"html.default\">\n\t\t\t\t<div class=\"elementor-widget-container\">\n\t\t\t\t\t<script type=\"text\/javascript\">\njQuery(document).ready(function(){\n\tjQuery('.woocommerce').on('change', '.woocommerce-cart-form__cart-item input[type=\"checkbox\"]', function(){\n\t\tjQuery(\"[name='update_cart']\").trigger(\"click\");\n\t});\n});\n<\/script>\t\t\t\t<\/div>\n\t\t\t\t<\/div>\n\t\t\t\t\t<\/div>\n\t\t<\/div>\n\t\t\t\t\t<\/div>\n\t\t<\/section>\n\t\t\t\t<\/div>\n\t\t","protected":false},"excerpt":{"rendered":"<p>Supprimer l\u2019\u00e9l\u00e9ment Miniature Produit Prix Quantit\u00e9 Sous-total CONTINENTAL VIKING CONTACT 7205\/60R16XL &#36;170.99 quantit\u00e9 de CONTINENTAL VIKING CONTACT 7205\/60R16XL &#36;683.96 Update cart Apply coupon Total Sous-total &#36;683.96 Exp\u00e9dition Ramassage en magasin Livraison gratuite Livraison \u00e0 QC. Modifier l\u2019adresse Pays\/r\u00e9gion\u00a0: S\u00e9lectionner un pays\/r\u00e9gion\u2026Canada \u00c9tat \/ Comt\u00e9 S\u00e9lectionner une option\u2026AlbertaColombie-BritanniqueManitobaNouveau-BrunswickTerre-Neuve-et-LabradorTerritoires du Nord-OuestNouvelle-\u00c9cosseNunavutOntario\u00cele du Prince-\u00c9douardQu\u00e9becSaskatchewanYukon Ville\u00a0: Code postal Update [&hellip;]<\/p>\n","protected":false},"author":1,"featured_media":0,"parent":0,"menu_order":0,"comment_status":"closed","ping_status":"closed","template":"","meta":{"site-sidebar-layout":"default","site-content-layout":"default","ast-site-content-layout":"default","site-content-style":"default","site-sidebar-style":"default","ast-global-header-display":"","ast-banner-title-visibility":"","ast-main-header-display":"","ast-hfb-above-header-display":"","ast-hfb-below-header-display":"","ast-hfb-mobile-header-display":"","site-post-title":"","ast-breadcrumbs-content":"","ast-featured-img":"","footer-sml-layout":"","ast-disable-related-posts":"","theme-transparent-header-meta":"default","adv-header-id-meta":"","stick-header-meta":"","header-above-stick-meta":"","header-main-stick-meta":"","header-below-stick-meta":"","astra-migrate-meta-layouts":"default","ast-page-background-enabled":"default","ast-page-background-meta":{"desktop":{"background-color":"","background-image":"","background-repeat":"repeat","background-position":"center center","background-size":"auto","background-attachment":"scroll","background-type":"","background-media":"","overlay-type":"","overlay-color":"","overlay-opacity":"","overlay-gradient":""},"tablet":{"background-color":"","background-image":"","background-repeat":"repeat","background-position":"center center","background-size":"auto","background-attachment":"scroll","background-type":"","background-media":"","overlay-type":"","overlay-color":"","overlay-opacity":"","overlay-gradient":""},"mobile":{"background-color":"","background-image":"","background-repeat":"repeat","background-position":"center center","background-size":"auto","background-attachment":"scroll","background-type":"","background-media":"","overlay-type":"","overlay-color":"","overlay-opacity":"","overlay-gradient":""}},"ast-content-background-meta":{"desktop":{"background-color":"var(--ast-global-color-5)","background-image":"","background-repeat":"repeat","background-position":"center center","background-size":"auto","background-attachment":"scroll","background-type":"","background-media":"","overlay-type":"","overlay-color":"","overlay-opacity":"","overlay-gradient":""},"tablet":{"background-color":"var(--ast-global-color-5)","background-image":"","background-repeat":"repeat","background-position":"center center","background-size":"auto","background-attachment":"scroll","background-type":"","background-media":"","overlay-type":"","overlay-color":"","overlay-opacity":"","overlay-gradient":""},"mobile":{"background-color":"var(--ast-global-color-5)","background-image":"","background-repeat":"repeat","background-position":"center center","background-size":"auto","background-attachment":"scroll","background-type":"","background-media":"","overlay-type":"","overlay-color":"","overlay-opacity":"","overlay-gradient":""}},"footnotes":""},"class_list":["post-128683","page","type-page","status-publish","hentry"],"_links":{"self":[{"href":"https:\/\/www.pneusecono.com\/en\/wp-json\/wp\/v2\/pages\/128683","targetHints":{"allow":["GET"]}}],"collection":[{"href":"https:\/\/www.pneusecono.com\/en\/wp-json\/wp\/v2\/pages"}],"about":[{"href":"https:\/\/www.pneusecono.com\/en\/wp-json\/wp\/v2\/types\/page"}],"author":[{"embeddable":true,"href":"https:\/\/www.pneusecono.com\/en\/wp-json\/wp\/v2\/users\/1"}],"replies":[{"embeddable":true,"href":"https:\/\/www.pneusecono.com\/en\/wp-json\/wp\/v2\/comments?post=128683"}],"version-history":[{"count":1,"href":"https:\/\/www.pneusecono.com\/en\/wp-json\/wp\/v2\/pages\/128683\/revisions"}],"predecessor-version":[{"id":148126,"href":"https:\/\/www.pneusecono.com\/en\/wp-json\/wp\/v2\/pages\/128683\/revisions\/148126"}],"wp:attachment":[{"href":"https:\/\/www.pneusecono.com\/en\/wp-json\/wp\/v2\/media?parent=128683"}],"curies":[{"name":"wp","href":"https:\/\/api.w.org\/{rel}","templated":true}]}}